{"id":230,"date":"2010-02-06T11:29:45","date_gmt":"2010-02-06T09:29:45","guid":{"rendered":"http:\/\/www.eisner-elearning.at\/40_vorwaerts\/?page_id=230"},"modified":"2010-02-06T11:29:45","modified_gmt":"2010-02-06T09:29:45","slug":"inhaltsverzeichnis","status":"publish","type":"page","link":"http:\/\/www.eisner-consulting.at\/40_vorwaerts\/?page_id=230","title":{"rendered":"Inhalt"},"content":{"rendered":"<h2>BMO<\/h2>\n<ol>\n<li><a href='http:\/\/www.eisner-consulting.at\/40_vorwaerts\/?page_id=233' title='BMO'>Altersad\u00e4quate Arbeitsorganisation<\/a><\/li>\n<li><a href='http:\/\/www.eisner-consulting.at\/40_vorwaerts\/?page_id=300' title='Themenbaukasten'>Themenbaukasten<\/a><\/li>\n<li><a href='http:\/\/www.eisner-consulting.at\/40_vorwaerts\/?page_id=105' title='Download'>Unternehmenscheckliste<\/a><\/li>\n<li><a href='http:\/\/www.eisner-consulting.at\/40_vorwaerts\/?page_id=367' title='GDC'>Generation Diversity Check<\/a><\/li>\n<li><a href='http:\/\/www.eisner-consulting.at\/40_vorwaerts\/?page_id=238' title='Altersstrukturanalyse'>Altersstrukturanalyse<\/a><\/li>\n<li><a href='http:\/\/www.eisner-consulting.at\/40_vorwaerts\/?page_id=436' title='WAI [Workability Index]'>Work Ability Test<\/a><\/li>\n<\/ol>\n<h2>Job &amp; Vitalitaet \u00ae<\/h2>\n<h2>AgingArt \u00ae<\/h2>\n<ol>\n<li><a href='http:\/\/www.eisner-consulting.at\/40_vorwaerts\/?p=721' title='Lebensphasengerechtes Arbeiten'>Lebensphasengerechtes Arbeiten<\/a><\/li>\n<\/ol>\n<h2>BLOG 40_vorwaerts<\/h2>\n<h3>Webartikel zum Thema<\/h3>\n<ol>\n<li><a href='http:\/\/www.eisner-consulting.at\/40_vorwaerts\/?p=162' title='Hundert Jahre lang leben'>Hundert Jahre lang leben<\/a> (von Dr. Thomas Hartl)<\/li>\n<li><a href='http:\/\/www.eisner-consulting.at\/40_vorwaerts\/?p=86' title='Zukunftsthema Productive Aging'>Zukunftsthema Productive Aging<\/a> (von Peter Wagner, 11\/2000)<\/li>\n<li><a href='http:\/\/www.eisner-consulting.at\/40_vorwaerts\/?p=160' title='Forever Young'>Forever Young<\/a> (ORF)<\/li>\n<li><a href='http:\/\/www.eisner-consulting.at\/40_vorwaerts\/?p=29' title='Generationen-Mix statt Jugendwahn'>Generationen-Mix statt Jugendwahn<\/a> (FOCUS, von Sabine Schrader)<\/li>\n<li><a href='http:\/\/www.eisner-consulting.at\/40_vorwaerts\/?p=26' title='Werben um die Alten'>Werben um die Alten<\/a> (FOCUS, 09\/2008)<\/li>\n<li><a href='http:\/\/www.eisner-consulting.at\/40_vorwaerts\/?p=19' title='Anderes Alter, gleiche Wellenl\u00e4nge'>Anderes Alter, gleiche Wellenl\u00e4nge<\/a> (FOCUS, 09\/2009)<\/li>\n<li><a href='http:\/\/www.eisner-consulting.at\/40_vorwaerts\/?p=173' title='Arbeiten im Alter'>Arbeiten im Alter<\/a> (von Tina Groll, Die Zeit, 10\/2009)<\/li>\n<li><a href='http:\/\/www.eisner-consulting.at\/40_vorwaerts\/?p=182' title='Chancen der aktuellen Demographie'>Chancen der aktuellen Demografie<\/a> (WWW-Dokument, 09\/2009)<\/li>\n<li><a href='http:\/\/www.eisner-consulting.at\/40_vorwaerts\/?p=189' title='Arbeitsmarkt: Studie: \u00c4ltere Arbeitnehmer wieder mehr gefragt &#8211; Deutschland &#8211; FOCUS Online'>\u00c4ltere Arbeitnehmer wieder gefragt<\/a> (FOKUS\/Haufe, 01\/2010)<\/li>\n<li><a href='http:\/\/www.eisner-consulting.at\/40_vorwaerts\/?p=191' title='\u00c4ltere Mitarbeiter f\u00f6rdern und fordern'>\u00c4ltere Mitarbeiter f\u00f6rdern und fordern<\/a> (WWW-Dokument, 01\/2010)<\/li>\n<li><a href='http:\/\/www.eisner-consulting.at\/40_vorwaerts\/?p=193' title='Vorbehalte gegen \u00e4ltere Arbeitnehmer'>Vorbehalte gegen \u00e4ltere Mitarbeiter<\/a> (WWW-Dokument, 01\/2010)<\/li>\n<li><a href='http:\/\/www.eisner-consulting.at\/40_vorwaerts\/?p=195' title='Studie: \u00c4ltere Arbeitnehmer wieder mehr gefragt'>\u00c4ltere Mitarbeiter wieder mehr gefragt<\/a> (WWW-Dokument, 01\/2010)<\/li>\n<li><a href='http:\/\/www.eisner-consulting.at\/40_vorwaerts\/?p=197' title='Demografieorientierte Personalarbeit'>Demografieorientierte Personalarbeit<\/a> (Haufe, 01\/2010)<\/li>\n<li><a href='http:\/\/www.eisner-consulting.at\/40_vorwaerts\/?p=199' title='Immer noch ein Imageproblem'>Immer noch ein Imageproblem<\/a> (Badische Zeitung, 01\/2010)<\/li>\n<li><a href='http:\/\/www.eisner-consulting.at\/40_vorwaerts\/?p=208' title='\u00c4ltere Arbeitnehmer im Vormarsch'>\u00c4ltere Arbeitnehmer im Vormarsch<\/a> (Claudia Stradner, 01\/2010)<\/li>\n<li><a href='http:\/\/www.eisner-consulting.at\/40_vorwaerts\/?p=213' title='Diversity Management'>Diversity Management<\/a> (ORF, 01\/2010)<\/li>\n<li><a href='http:\/\/www.eisner-consulting.at\/40_vorwaerts\/?p=592' title='Wie alt ist unser Unternehmen?'>Wie alt ist Ihr Unternehmen?<\/a><\/li>\n<li><a title=\"Demografischer Wandel in der Wirtschaft\" href=\"http:\/\/www.eisner-elearning.at\/40_vorwaerts\/demografischer-wandel-in-der-wirtschaft\/\" target=\"_blank\">Demografischer Wandel in der Wirtschaft<\/a> (Sigmar Otto und Sven Voelpel, 2010)<\/li>\n<li><a href=\"http:\/\/www.eisner-elearning.at\/40_vorwaerts\/diversity-als-weg-zur-kreativitat\/\" target=\"_blank\">Prof. Peter Kruse \u00fcber Kreativit\u00e4t<\/a> (Kruse, P., YouTube, 2010)<\/li>\n<\/ol>\n<h3>Presse Artikel zum Thema<\/h3>\n<ol>\n<li><a href='http:\/\/www.eisner-consulting.at\/40_vorwaerts\/?p=5' title='Kein Stress vor dem Altern'>Kein Stress vor dem Altern<\/a> (Dipl. Psych. Kurt Wirsing, in SN, 9.9.09)<\/li>\n<li><a href=\"http:\/\/www.eisner-elearning.at\/40_vorwaerts\/zuerst-fordern-dann-fordern\" target=\"_blank\">Zuerst f\u00f6rdern, dann fordern<\/a> (Ostermann, G., in derStandard, 4.12.10)<\/li>\n<li><a href=\"http:\/\/www.eisner-elearning.at\/40_vorwaerts\/arbeit-ist-das-beste-anti-agingmittel\/\" target=\"_blank\">Arbeit ist das beste Anti-AgingMittel<\/a> (Marin, B., ind derStandard, 7.12.10)<\/li>\n<\/ol>\n<h3>40_vorwaerts Blogbeitr\u00e4ge<\/h3>\n<ol>\n<li><a href='http:\/\/www.eisner-consulting.at\/40_vorwaerts\/?p=98' title='Das dritte Alter'>Das Dritte Alter <\/a>(von Mag. Maria B. Eisner)<\/li>\n<li><a href='http:\/\/www.eisner-consulting.at\/40_vorwaerts\/?p=542' title='Realit\u00e4t und Perspektiven'>Realit\u00e4t und Perspektiven<\/a><\/li>\n<li><a href='http:\/\/www.eisner-consulting.at\/40_vorwaerts\/?p=660' title='Altersflexible Besch\u00e4ftigungssysteme'>Altersflexible Besch\u00e4ftigungssysteme<\/a><\/li>\n<li><a href=\"http:\/\/www.eisner-elearning.at\/40_vorwaerts\/lebensphasenorientierte-arbeitsorganisation-lao\/\" target=\"_blank\">Lebensphasenorientierte Arbeitsorganisation<\/a> (Eisner, J., 2010)<\/li>\n<li><a href=\"http:\/\/www.eisner-elearning.at\/40_vorwaerts\/potentiale-der-generationen-diversitat\/\" target=\"_blank\">Potentiale der Generationen-Diversit\u00e4t<\/a> (Eisner, J., 2010)<\/li>\n<\/ol>\n<h3>Diverses zum Nachschlagen<\/h3>\n<ol>\n<li><a href='http:\/\/www.eisner-consulting.at\/40_vorwaerts\/?p=135' title='Privat: Z\u00fcricher Ressourcen Modell'>Z\u00fcricher Ressourcenmodell<\/a><\/li>\n<li><a href='http:\/\/www.eisner-consulting.at\/40_vorwaerts\/?p=117' title='Privat: Generation Infos'>Generation Infos<\/a><\/li>\n<\/ol>\n","protected":false},"excerpt":{"rendered":"<p>BMO Altersad\u00e4quate Arbeitsorganisation Themenbaukasten Unternehmenscheckliste Generation Diversity Check Altersstrukturanalyse Work Ability Test Job &amp; Vitalitaet \u00ae AgingArt \u00ae Lebensphasengerechtes Arbeiten BLOG 40_vorwaerts Webartikel zum Thema Hundert Jahre lang leben (von Dr. Thomas Hartl) Zukunftsthema Productive Aging (von Peter Wagner, 11\/2000) Forever Young (ORF) Generationen-Mix statt Jugendwahn (FOCUS, von Sabine Schrader) Werben um die Alten (FOCUS, [&hellip;]<\/p>\n","protected":false},"author":2,"featured_media":0,"parent":0,"menu_order":1,"comment_status":"closed","ping_status":"open","template":"","meta":{"_monsterinsights_skip_tracking":false,"_monsterinsights_sitenote_active":false,"_monsterinsights_sitenote_note":"","_monsterinsights_sitenote_category":0,"jetpack_post_was_ever_published":false,"footnotes":""},"aioseo_notices":[],"jetpack_sharing_enabled":true,"jetpack_shortlink":"https:\/\/wp.me\/P5KdjC-3I","_links":{"self":[{"href":"http:\/\/www.eisner-consulting.at\/40_vorwaerts\/index.php?rest_route=\/wp\/v2\/pages\/230"}],"collection":[{"href":"http:\/\/www.eisner-consulting.at\/40_vorwaerts\/index.php?rest_route=\/wp\/v2\/pages"}],"about":[{"href":"http:\/\/www.eisner-consulting.at\/40_vorwaerts\/index.php?rest_route=\/wp\/v2\/types\/page"}],"author":[{"embeddable":true,"href":"http:\/\/www.eisner-consulting.at\/40_vorwaerts\/index.php?rest_route=\/wp\/v2\/users\/2"}],"replies":[{"embeddable":true,"href":"http:\/\/www.eisner-consulting.at\/40_vorwaerts\/index.php?rest_route=%2Fwp%2Fv2%2Fcomments&post=230"}],"version-history":[{"count":0,"href":"http:\/\/www.eisner-consulting.at\/40_vorwaerts\/index.php?rest_route=\/wp\/v2\/pages\/230\/revisions"}],"wp:attachment":[{"href":"http:\/\/www.eisner-consulting.at\/40_vorwaerts\/index.php?rest_route=%2Fwp%2Fv2%2Fmedia&parent=230"}],"curies":[{"name":"wp","href":"https:\/\/api.w.org\/{rel}","templated":true}]}}