{"id":300,"date":"2010-02-09T11:58:43","date_gmt":"2010-02-09T09:58:43","guid":{"rendered":"http:\/\/www.eisner-elearning.at\/40_vorwaerts\/?page_id=300"},"modified":"2010-02-09T11:58:43","modified_gmt":"2010-02-09T09:58:43","slug":"themenbaukasten","status":"publish","type":"page","link":"http:\/\/www.eisner-consulting.at\/40_vorwaerts\/?page_id=300","title":{"rendered":"Themenbaukasten"},"content":{"rendered":"<p style=\"text-align: left;\">Der Themenbaukasten dient zur schnellen Orientierung und hat Wegweiserfunktion. Die Inhalte werden sukzessive erweitert und erg\u00e4nzt. Mit Link Funktionen hinterlegte Eintr\u00e4ge f\u00fchren Sie direkt zu den entsprechenden Inhalten.<\/p>\n<h3 style=\"text-align: center;\">XXXXXXXXXXXXXXXXXXXXXXXXXXXXXXXXXXXXXXX<\/h3>\n<h3 style=\"text-align: center;\">Wegweiser<\/h3>\n<h3 style=\"text-align: center;\">XXXXXXXXXXXXXXXXXXXXXXXXXXXXXXXXXXXXXXX<\/h3>\n<table style=\"border: 0pt solid #afb4a6; width: 641px; height: 771px;\" border=\"0\" cellspacing=\"1\" cellpadding=\"1\" align=\"center\">\n<caption>\u00a0<\/caption>\n<tbody>\n<tr align=\"center\" valign=\"middle\">\n<td style=\"border: 1px solid #ffffff; text-align: center;\" align=\"center\" valign=\"middle\"><strong><span style=\"font-size: small;\">Diagnose<\/span><\/strong><\/td>\n<td style=\"border: 1px solid #ffffff; text-align: center;\" align=\"center\" valign=\"middle\"><strong><span style=\"font-size: small;\"> Ma\u00dfnahmen auf Organisationsebene<\/span><\/strong><\/td>\n<td style=\"border: 1px solid #ffffff; text-align: center;\" align=\"center\" valign=\"middle\"><strong><span style=\"font-size: small;\"> Gruppen \/ Team Training und Seminare<br \/>\n<\/span><\/strong><\/td>\n<td style=\"border: 1px solid #ffffff; text-align: center;\" align=\"center\" valign=\"middle\"><strong><span style=\"font-size: small;\"> Individuelle Entwicklung<br \/>\n<\/span><\/strong><\/td>\n<\/tr>\n<tr>\n<td style=\"border: 1px solid #ffffff; background-color: #ccffcc; text-align: center;\" valign=\"middle\"><a title=\"Unternehmenscheck\" href=\"http:\/\/www.eisner-consulting.at\/40_vorwaerts\/wp-content\/uploads\/2009\/09\/Unternehmenscheck.pdf\" target=\"_blank\"><span style=\"font-size: small;\"><strong>Checkliste<\/strong><\/span><\/a> <strong><span style=\"font-size: small;\">f\u00fcr einen ersten \u00dcberblick<\/span><\/strong><\/td>\n<td style=\"border: 1px solid #ffffff; background-color: #f0f8ff;\" align=\"center\" valign=\"middle\"><\/td>\n<td style=\"border: 1px solid #ffffff; background-color: #f0f8ff;\" align=\"center\" valign=\"middle\"><\/td>\n<td style=\"border: 1px solid #ffffff; background-color: #f0f8ff;\" align=\"center\" valign=\"middle\"><\/td>\n<\/tr>\n<tr align=\"center\" valign=\"middle\">\n<td style=\"border: 1px solid #ffffff; background-color: #ccffcc;\" align=\"center\" valign=\"middle\">\n<p style=\"text-align: center;\"><strong><span style=\"font-size: small;\"><a href='http:\/\/www.eisner-consulting.at\/40_vorwaerts\/?page_id=367' title='GDC'>GDC<\/a> (Bewertung der aktuellen Situation im Unternehmen) \u2192<\/span><\/strong><\/p>\n<p style=\"text-align: center;\"><strong><span style=\"font-size: small;\">\u2193<\/span><\/strong><\/p>\n<\/td>\n<td style=\"border: 1px solid #ffffff; text-align: center; background-color: #ffffcc;\" align=\"center\" valign=\"middle\"><span style=\"font-size: small;\"><strong>Beratung zum konzeptionellen Vorgehen<\/strong><\/span><span style=\"font-size: small;\"><strong>Auswertung GDC<\/strong><\/span><\/td>\n<td style=\"border: 1px solid #ffffff; background-color: #f0f8ff;\" align=\"center\" valign=\"middle\"><\/td>\n<td style=\"border: 1px solid #ffffff; background-color: #f0f8ff;\" align=\"center\" valign=\"middle\"><\/td>\n<\/tr>\n<tr>\n<td style=\"border: 1px solid #ffffff; background-color: #ccffcc; text-align: center;\" align=\"center\" valign=\"middle\"><strong><span style=\"font-size: small;\">Altesstrukturanalyse<\/span><\/strong><strong><span style=\"font-size: small;\"><a href='http:\/\/www.eisner-consulting.at\/40_vorwaerts\/?page_id=238' title='Altersstrukturanalyse'>ASA<\/a><\/span><br \/>\n<\/strong><\/p>\n<p style=\"text-align: center;\"><strong><span style=\"font-size: small;\">\u2193<br \/>\n<\/span><\/strong><\/p>\n<\/td>\n<td style=\"border: 1px solid #ffffff; text-align: center; background-color: #ffffcc;\" valign=\"middle\"><span style=\"font-size: small;\"><strong>Entwickeln von quantitativen Szenarien<\/strong><\/span><\/td>\n<td style=\"border: 1px solid #ffffff; text-align: center; background-color: #f0f8ff;\" valign=\"middle\"><\/td>\n<td style=\"border: 1px solid #ffffff; text-align: center; background-color: #f0f8ff;\" valign=\"middle\"><\/td>\n<\/tr>\n<tr style=\"text-align: center;\" align=\"center\" valign=\"middle\">\n<td style=\"border: 1px solid #ffffff; text-align: center; background-color: #ccffcc;\" align=\"center\" valign=\"middle\"><strong><span style=\"font-size: small;\"><a href='http:\/\/www.eisner-consulting.at\/40_vorwaerts\/?page_id=436' title='WAI [Workability Index]'>WAI<\/a> (Work Ability Index)<\/span><\/strong><\/td>\n<td style=\"border: 1px solid #ffffff; text-align: center; background-color: #ffffcc;\" align=\"center\" valign=\"middle\"><span style=\"font-size: small;\"><strong>Ermitteln der Arbeitsf\u00e4higkeit in Zusammenarbeit mit der Arbeitsmedizin<\/strong><\/span><\/td>\n<td style=\"border: 1px solid #ffffff; text-align: center; background-color: #ffcc66;\" rowspan=\"2\" align=\"center\" valign=\"middle\"><a title=\"interner Link 2\" href=\"http:\/\/iln\/#2\"><strong> <\/strong><br \/>\n<\/a><strong><span style=\"font-size: small;\">Leitungskr\u00e4fte Seminare (Information zum Konzept des Generationen orientierten Leitens)<\/span><\/strong><\/td>\n<td style=\"border: 1px solid #ffffff; text-align: center; background-color: #ffccff;\" align=\"center\" valign=\"middle\"><span style=\"font-size: small;\"><strong>Fachcoaching (Leitungsthemen)<br \/>\n<\/strong><\/span><\/td>\n<\/tr>\n<tr align=\"center\" valign=\"middle\">\n<td style=\"border: 1px solid #ffffff; background-color: #f0f8ff;\" align=\"center\" valign=\"middle\"><\/td>\n<td style=\"border: 1px solid #ffffff; text-align: center; background-color: #ccff00;\" rowspan=\"8\" align=\"center\" valign=\"middle\"><span style=\"font-size: small;\"><strong>Umsetzungsbegleitung interne und ggf. externe Beratung<br \/>\n<\/strong><strong><br \/>\n<\/strong><strong><br \/>\n<\/strong><\/span><\/td>\n<td style=\"border: 1px solid #ffffff; text-align: center; background-color: #ffccff;\" align=\"center\" valign=\"middle\"><span style=\"font-size: small;\"><strong>Entwicklungs-coaching<\/strong><\/span><span style=\"font-size: small;\"><strong>F\u00f6rderung und Unterst\u00fctzung der Arbeits- und Leistungsf\u00e4higkeit<\/strong><\/span><\/td>\n<\/tr>\n<tr align=\"center\" valign=\"middle\">\n<td style=\"border: 1px solid #ffffff; text-align: center; background-color: #ccff99;\" scope=\"rowgroup\" rowspan=\"5\" align=\"center\" valign=\"middle\"><span style=\"font-size: small;\"><strong>Umsetzung<\/strong><\/span><\/td>\n<td style=\"border: 1px solid #ffffff; text-align: center; background-color: #ffcc66;\" align=\"center\" valign=\"middle\"><strong><span style=\"font-size: small;\">MitarbeiterInnen Seminare (Information zur F\u00f6rderung der eigenen Arbeitsf\u00e4higkeit)<\/span><\/strong><\/td>\n<td style=\"border: 1px solid #ffffff; text-align: center; background-color: #ffccff;\" align=\"center\" valign=\"middle\"><strong> <span style=\"font-size: small;\">Fachcoaching Entwicklungs-coaching<\/span><\/strong><\/p>\n<p style=\"text-align: center;\"><strong><span style=\"font-size: small;\">F\u00f6rderung und Unterst\u00fctzung der Arbeits- und Leistungsf\u00e4higkeit<br \/>\n<\/span><\/strong><\/p>\n<\/td>\n<\/tr>\n<tr>\n<td style=\"border: 1px solid #ffffff; background-color: #f0f8ff; text-align: center;\" valign=\"middle\"><strong><span style=\"font-size: small;\">\u2193<\/span><\/strong><\/td>\n<td style=\"border: 1px solid #ffffff; background-color: #f0f8ff; text-align: center;\" valign=\"middle\"><strong><span style=\"font-size: small;\">\u2193<\/span><\/strong><\/td>\n<\/tr>\n<tr>\n<td style=\"border: 1px solid #ffffff; background-color: #f0f8ff; text-align: center;\" valign=\"middle\"><strong> <\/strong><strong><span style=\"font-size: small;\">\u2193<\/span><\/strong><\/td>\n<td style=\"border: 1px solid #ffffff; background-color: #f0f8ff; text-align: center;\" valign=\"middle\"><strong> <\/strong><strong><span style=\"font-size: small;\">\u2193<\/span><\/strong><\/td>\n<\/tr>\n<tr>\n<td style=\"border: 1px solid #ffffff; background-color: #f0f8ff; text-align: center;\" valign=\"middle\"><strong> <\/strong><strong><span style=\"font-size: small;\">\u2193<\/span><\/strong><\/td>\n<td style=\"border: 1px solid #ffffff; background-color: #f0f8ff; text-align: center;\" valign=\"middle\"><strong> <\/strong><strong><span style=\"font-size: small;\">\u2193<\/span><\/strong><\/td>\n<\/tr>\n<tr>\n<td style=\"border: 1px solid #ffffff; background-color: #f0f8ff; text-align: center;\" valign=\"middle\"><strong> <\/strong><strong><span style=\"font-size: small;\">\u2193<\/span><\/strong><\/td>\n<td style=\"border: 1px solid #ffffff; background-color: #f0f8ff; text-align: center;\" valign=\"middle\"><strong> <\/strong><strong><span style=\"font-size: small;\">\u2193<\/span><\/strong><\/td>\n<\/tr>\n<tr>\n<td style=\"border: 1px solid #ffffff; text-align: center; background-color: #ccff99;\" rowspan=\"3\" align=\"center\" valign=\"middle\"><strong> <span style=\"font-size: small;\">Evaluierung<\/span><\/strong><\/td>\n<td style=\"border: 1px solid #ffffff; background-color: #f0f8ff; text-align: center;\" valign=\"middle\"><strong> <\/strong><strong><span style=\"font-size: small;\">\u2193<\/span><\/strong><\/td>\n<td style=\"border: 1px solid #ffffff; background-color: #f0f8ff; text-align: center;\" valign=\"middle\"><strong> <\/strong><strong><span style=\"font-size: small;\">\u2193<\/span><\/strong><\/td>\n<\/tr>\n<tr>\n<td style=\"border: 1px solid #ffffff; background-color: #f0f8ff; text-align: center;\" valign=\"middle\"><strong> <\/strong><strong><span style=\"font-size: small;\">\u2193<\/span><\/strong><\/td>\n<td style=\"border: 1px solid #ffffff; background-color: #f0f8ff; text-align: center;\" valign=\"middle\"><strong> <\/strong><strong><span style=\"font-size: small;\">\u2193<\/span><\/strong><\/td>\n<\/tr>\n<tr>\n<td style=\"border: 1px solid #ffffff; text-align: center; background-color: #ccff00;\" valign=\"middle\"><span style=\"font-size: small;\"><strong>Ma\u00dfnahmen neu definieren bzw. adaptieren<\/strong><\/span><\/td>\n<td style=\"border: 1px solid #ffffff; background-color: #f0f8ff; text-align: center;\" valign=\"middle\"><strong> <\/strong><strong><span style=\"font-size: small;\">\u2193<\/span><\/strong><\/td>\n<td style=\"border: 1px solid #ffffff; background-color: #f0f8ff; text-align: center;\" valign=\"middle\"><strong> <\/strong><strong><span style=\"font-size: small;\">\u2193<\/span><\/strong><\/td>\n<\/tr>\n<tr style=\"background-color: #3300ff;\">\n<td style=\"border: 1px solid #ffffff; text-align: left;\" colspan=\"4\" valign=\"middle\"><strong> <span style=\"color: #ffff99;\">\u00a9 2009 Dr. Josef Eisner<\/span><\/strong><strong> <\/strong><br \/>\n<strong> <\/strong><br \/>\n<strong> <\/strong><\/td>\n<\/tr>\n<\/tbody>\n<\/table>\n<div id=\"_mcePaste\" style=\"overflow: hidden; position: absolute; left: -10000px; top: 0px; width: 1px; height: 1px;\">\u2192<\/div>\n","protected":false},"excerpt":{"rendered":"<p>Der Themenbaukasten dient zur schnellen Orientierung und hat Wegweiserfunktion. Die Inhalte werden sukzessive erweitert und erg\u00e4nzt. Mit Link Funktionen hinterlegte Eintr\u00e4ge f\u00fchren Sie direkt zu den entsprechenden Inhalten. XXXXXXXXXXXXXXXXXXXXXXXXXXXXXXXXXXXXXXX Wegweiser XXXXXXXXXXXXXXXXXXXXXXXXXXXXXXXXXXXXXXX \u00a0 Diagnose Ma\u00dfnahmen auf Organisationsebene Gruppen \/ Team Training und Seminare Individuelle Entwicklung Checkliste f\u00fcr einen ersten \u00dcberblick GDC (Bewertung der aktuellen Situation im [&hellip;]<\/p>\n","protected":false},"author":2,"featured_media":0,"parent":230,"menu_order":2,"comment_status":"closed","ping_status":"open","template":"","meta":{"_monsterinsights_skip_tracking":false,"_monsterinsights_sitenote_active":false,"_monsterinsights_sitenote_note":"","_monsterinsights_sitenote_category":0,"jetpack_post_was_ever_published":false,"footnotes":""},"aioseo_notices":[],"jetpack_sharing_enabled":true,"jetpack_shortlink":"https:\/\/wp.me\/P5KdjC-4Q","_links":{"self":[{"href":"http:\/\/www.eisner-consulting.at\/40_vorwaerts\/index.php?rest_route=\/wp\/v2\/pages\/300"}],"collection":[{"href":"http:\/\/www.eisner-consulting.at\/40_vorwaerts\/index.php?rest_route=\/wp\/v2\/pages"}],"about":[{"href":"http:\/\/www.eisner-consulting.at\/40_vorwaerts\/index.php?rest_route=\/wp\/v2\/types\/page"}],"author":[{"embeddable":true,"href":"http:\/\/www.eisner-consulting.at\/40_vorwaerts\/index.php?rest_route=\/wp\/v2\/users\/2"}],"replies":[{"embeddable":true,"href":"http:\/\/www.eisner-consulting.at\/40_vorwaerts\/index.php?rest_route=%2Fwp%2Fv2%2Fcomments&post=300"}],"version-history":[{"count":0,"href":"http:\/\/www.eisner-consulting.at\/40_vorwaerts\/index.php?rest_route=\/wp\/v2\/pages\/300\/revisions"}],"up":[{"embeddable":true,"href":"http:\/\/www.eisner-consulting.at\/40_vorwaerts\/index.php?rest_route=\/wp\/v2\/pages\/230"}],"wp:attachment":[{"href":"http:\/\/www.eisner-consulting.at\/40_vorwaerts\/index.php?rest_route=%2Fwp%2Fv2%2Fmedia&parent=300"}],"curies":[{"name":"wp","href":"https:\/\/api.w.org\/{rel}","templated":true}]}}