{"id":815,"date":"2009-09-17T16:45:41","date_gmt":"2009-09-17T14:45:41","guid":{"rendered":"http:\/\/www.eisner-elearning.at\/40_vorwaerts\/?page_id=2"},"modified":"2009-09-17T16:45:41","modified_gmt":"2009-09-17T14:45:41","slug":"eine-seite","status":"publish","type":"page","link":"http:\/\/www.eisner-consulting.at\/40_vorwaerts\/?page_id=815","title":{"rendered":"Seminare"},"content":{"rendered":"<p>Die hier vorgestellten Seminarkurzbeschreibungen sollen einen \u00dcberblick zu m\u00f6glichen Themen anbieten. Im Bedarfsfalle bitten wir Sie mit uns Kontakt aufzunehmen und uns Ihren Bedarf darzulegen. Gem\u00e4\u00df der von Ihnen definierten Zielsetzung stimmen wir dann ein jeweiliges Seminar-\/Trainings-\/Workshop- oder Vortrags-Angebot darauf ab.<\/p>\n<p><strong>Leitung und Management im Kontext reifer MitarbeiterInnen<\/strong><\/p>\n<p>Dieses Seminar richtet sich an Damen und Herren in Leitungsfunktionen, die im Rahmen ihrer T\u00e4tigkeit flexibel mit heterogenen MitarbeiterInnen-Gruppen umzugehen haben. Insbesondere findet die Zusammenarbeit mit bereits &#8222;fortgeschrittenen Semestern\u201c Beachtung. Ebenso zielt dieses Seminar auch auf das optimale Zusammenspiel der unterschiedlichen Besch\u00e4ftigtengenerationen ab. Mitunter kommt es in der t\u00e4glichen Arbeit mit MitarbeiterInnen denen man als Leitungskraft an Berufs\u00aderfahr\u00adungs- und Lebensjahren nachsteht zu Unsicherheiten oder Inter\u00adessens\u00adkon\u00adflik\u00adten. Diese MitarbeiterInnen jedoch in einer angebrachten Form in die t\u00e4gliche Arbeitsroutine einzubinden bietet eine Reihe von Chancen. (Weitere Informationen: <a onclick=\"window.open('mailto:office@eisner-consulting.at','','width=100,height=100');return false;\" href=\"mailto:office@eisner-consulting.at\">Dr. Josef Eisner<\/a>)<\/p>\n<p><strong>Beruf &#8211; Leistung &#8211; Leben &#8230; ab den 40ern vorw\u00e4rts<\/strong><\/p>\n<p>Dieses Seminar richtet sich an Damen und Herren aus allen Funktions\u00adbereichen, die im Rahmen ihrer beruflichen T\u00e4tigkeit bereits mit einem reichhaltigen Erfahrungsschatz ausgestattet sind. Das berufliche T\u00e4tigsein wandelt sich ab der beginnenden Lebensmitte. Dies \u00e4u\u00dfert sich in einer ver\u00e4nderten Leistungsf\u00e4higkeit, vertieften Kompetenzen und einem sich ver\u00e4ndernden k\u00f6rperlichen Bewusstsein. Zudem ver\u00e4ndern sich oft auch gewohnte soziale Bez\u00fcge im beruflichen und pers\u00f6nlich privaten Bereich. Dies alles fordert den gesamten Menschen, neue Orientierung muss gesucht und gefunden werden um sich weiterhin in einer angemessenen Weise seinen Aufgaben stellen zu k\u00f6nnen. (Weitere Informationen: <a onclick=\"window.open('mailto:office@eisner-consulting.at','','width=100,height=100');return false;\" href=\"mailto:office@eisner-consulting.at\">Dr. Josef Eisner<\/a>)<\/p>\n<p><strong>Routenplaner f\u00fcr Vitalit\u00e4t und mentale Fitness<\/strong><\/p>\n<p>Sie verf\u00fcgen \u00fcber langj\u00e4hrige Berufserfahrung und m\u00f6chten sich f\u00fcr Ihr eigenes \u00c4lterwerden im Beruf r\u00fcsten. Im Seminar wird Ihnen fachliches Hintergrundwissen vermittelt, das Ihnen f\u00fcr die pers\u00f6nliche Gestaltung des vitalen \u00c4lterwerdens hilfreich ist. Praktische Tipps k\u00f6nnen sofort in den Berufsalltag integriert werden. Ihr Erfahrungswissen \u00a0ist das Langzeitged\u00e4chtnis des Unternehmens und eine wertvolle Ressource f\u00fcr die aktive Mitgestaltung betrieblicher Ver\u00e4nderungen. (Weitere Informationen: <a onclick=\"window.open('mailto:contact@curamus.de','','scrollbars=yes,width=100,height=100');return false;\" href=\"mailto:contact@curamus.de\">Dipl.-Psych. Kurt Wirsing<\/a>)<\/p>\n<p><strong>\u00c4lter werden gestalten (Vortrag)<\/strong><\/p>\n<p>Die demographische Uhr tickt und es ist klar, dass Sie sich als F\u00fchrungskr\u00e4fte auf eine immer \u00e4lter werdende Mitarbeiterstruktur einstellen m\u00fcssen. Sie tun daher gut daran, den Blick \u00fcber das traditionelle Lebensstrukturmodell hinaus zu weiten. Und sich f\u00fcr die Herausforderungen unterschiedlicher Lebensphasen bei sich selbst und Ihren Mitarbeitern zu sensibilisieren. Langj\u00e4hrige Berufserfahrung sch\u00e4tzen Sie als wichtige Ressource und ermuntern Ihre Mitarbeiter zu selbstbewusster Gestaltung des \u00c4lterwerdens im Beruf. Sie behalten Ihre eigene Gesundheit und Leistungsf\u00e4higkeit und die ihrer Mitarbeiter beim \u00c4lterwerden im Auge. (Weitere Informationen: <a onclick=\"window.open('mailto:contact@curamus.de','','scrollbars=yes,width=100,height=100');return false;\" href=\"mailto:contact@curamus.de\">Dipl.-Psych. Kurt Wirsing<\/a>)<\/p>\n<p><strong>Gelassen und kraftvoll in turbulenten Zeiten<\/strong><\/p>\n<p>Wir leben in einer Zeit, in der wir mit \u00e4u\u00dferst vielschichtigen Anforderungen konfrontiert sind. Der bewusste Umgang mit unseren k\u00f6rperlichen und geistigen Ressourcen gewinnt daher immer mehr an Bedeutung. Voraussetzung f\u00fcr ein gelingendes Lebenskonzept ist\u00a0 neben k\u00f6rperlicher Fitness die F\u00e4higkeit, mit dem eigenen Energiehaushalt ressourcenbewusst umgehen zu k\u00f6nnen. Dann gelingt es, die inneren Kraftquellen selbst in schwierigen Situationen anzuzapfen und anstehende Herausforderungen bestm\u00f6glich zu bew\u00e4ltigen. (Weitere Informationen: <a onclick=\"window.open('mailto:mb.eisner@jobvitalitaet.at','','width=100,height=100');return false;\" href=\"mailto:mb.eisner@jobvitalitaet.at\">Mag.<sup>a<\/sup> Maria B. Eisner<\/a>)<\/p>\n<p><strong>Gesundheitsf\u00f6rderliches Selbstmanagement<\/strong><\/p>\n<p>Wir sind im Berufsleben mit \u00e4u\u00dferst vielschichtigen Anforderungen konfrontiert. Der bewusste Umgang mit unseren k\u00f6rperlichen und geistigen Ressourcen gewinnt daher immer mehr an Bedeutung. Voraussetzung f\u00fcr ein gelingendes Lebenskonzept ist\u00a0 unter anderem die F\u00e4higkeit, mit dem eigenen Energiehaushalt so umzugehen, dass die inneren Kraftquellen selbst in schwierigen Situationen angezapft werden k\u00f6nnen, um anstehende Herausforderungen bestm\u00f6glich zu bew\u00e4ltigen. (Weitere Informationen: <a onclick=\"window.open('mailto:mb.eisner@jobvitalitaet.at','','width=100,height=100');return false;\" href=\"mailto:mb.eisner@jobvitalitaet.at\">Mag.<sup>a<\/sup> Maria B. Eisner<\/a>)<\/p>\n<p><strong>Die innere Uhr &#8211; der individuelle Rhythmus<\/strong><\/p>\n<p>Zeit zu haben ist in unserem hektischen Alltag zu einem hohen Wert geworden. Ver\u00e4nderungen stehen an der Tagesordnung, Spannungsfelder verdichten sich. Subjektiv erlebte Fremdbestimmung hindert uns manchmal daran, die vorhandene Zeit selbstbestimmt zu gestalten. Dies aber hat langfristig Einfluss auf unsere Leistungsf\u00e4higkeit und schadet unserer Gesundheit. Dieses Seminar nimmt Ihren individuellen Umgang mit der Zeit genauer unter die Lupe. Dabei wird das Prinzip der Entschleunigung eine wesentliche Rolle spielen. Anhand vielf\u00e4ltiger \u00dcbungen mit den Faktoren Tempo und Frequenz bekommen Sie Einblick in die Dynamik bewusster Zeitgestaltung und erkennen, dass Entschl\u00e4unigung auch Gewinn von Effektivit\u00e4t bedeutet. (Weitere Informationen: <a onclick=\"window.open('mailto:mb.eisner@jobvitalitaet.at','','width=100,height=100');return false;\" href=\"mailto:mb.eisner@jobvitalitaet.at\">Mag.<sup>a<\/sup> Maria B. Eisner<\/a>)<\/p>\n","protected":false},"excerpt":{"rendered":"<p>Die hier vorgestellten Seminarkurzbeschreibungen sollen einen \u00dcberblick zu m\u00f6glichen Themen anbieten. Im Bedarfsfalle bitten wir Sie mit uns Kontakt aufzunehmen und uns Ihren Bedarf darzulegen. Gem\u00e4\u00df der von Ihnen definierten Zielsetzung stimmen wir dann ein jeweiliges Seminar-\/Trainings-\/Workshop- oder Vortrags-Angebot darauf ab. Leitung und Management im Kontext reifer MitarbeiterInnen Dieses Seminar richtet sich an Damen und [&hellip;]<\/p>\n","protected":false},"author":2,"featured_media":0,"parent":0,"menu_order":6,"comment_status":"open","ping_status":"open","template":"","meta":{"_monsterinsights_skip_tracking":false,"_monsterinsights_sitenote_active":false,"_monsterinsights_sitenote_note":"","_monsterinsights_sitenote_category":0,"jetpack_post_was_ever_published":false,"footnotes":""},"aioseo_notices":[],"jetpack_sharing_enabled":true,"jetpack_shortlink":"https:\/\/wp.me\/P5KdjC-d9","_links":{"self":[{"href":"http:\/\/www.eisner-consulting.at\/40_vorwaerts\/index.php?rest_route=\/wp\/v2\/pages\/815"}],"collection":[{"href":"http:\/\/www.eisner-consulting.at\/40_vorwaerts\/index.php?rest_route=\/wp\/v2\/pages"}],"about":[{"href":"http:\/\/www.eisner-consulting.at\/40_vorwaerts\/index.php?rest_route=\/wp\/v2\/types\/page"}],"author":[{"embeddable":true,"href":"http:\/\/www.eisner-consulting.at\/40_vorwaerts\/index.php?rest_route=\/wp\/v2\/users\/2"}],"replies":[{"embeddable":true,"href":"http:\/\/www.eisner-consulting.at\/40_vorwaerts\/index.php?rest_route=%2Fwp%2Fv2%2Fcomments&post=815"}],"version-history":[{"count":0,"href":"http:\/\/www.eisner-consulting.at\/40_vorwaerts\/index.php?rest_route=\/wp\/v2\/pages\/815\/revisions"}],"wp:attachment":[{"href":"http:\/\/www.eisner-consulting.at\/40_vorwaerts\/index.php?rest_route=%2Fwp%2Fv2%2Fmedia&parent=815"}],"curies":[{"name":"wp","href":"https:\/\/api.w.org\/{rel}","templated":true}]}}