{"id":2,"date":"2017-02-15T11:34:42","date_gmt":"2017-02-15T10:34:42","guid":{"rendered":""},"modified":"2025-02-03T19:57:24","modified_gmt":"2025-02-03T18:57:24","slug":"beratungbegleitung","status":"publish","type":"page","link":"https:\/\/www.eisner-consulting.at\/selbstvertrauen\/beratungbegleitung\/","title":{"rendered":"Beratung &#038; Begleitung"},"content":{"rendered":"<p><span style=\"font-size: 24pt; font-family: Helvetica;\">Willkommen bei Selbst &amp; Vertrauen!<\/span><\/p>\n<p><span style=\"font-family: Helvetica;\">In K\u00fcrze einige Informationen zu meiner Person und meinen T\u00e4tigkeiten:<\/span><\/p>\n<p><span style=\"font-family: Helvetica;\">Ich bin systemischer Berater mit einem berufspraktischen Hintergrund als Supervisor, Coach, P\u00e4dagoge, mit kaufm\u00e4nnischer und handwerklicher Grundausbildung <a href=\"http:\/\/www.eisner-consulting.at\/selbstvertrauen\/wp-content\/uploads\/2024\/09\/00_Beraterprofil.pdf\">(Link zu CV)<\/a><\/span><\/p>\n<p><span style=\"font-family: Helvetica;\">Meine T\u00e4tigkeit umfasst,<\/span><\/p>\n<ul>\n<li><span style=\"font-family: Helvetica;\">Lebens- und Sozialberatung (Familie, Beruf, pers\u00f6nliche Entwicklung, \u2026)<\/span><\/li>\n<li><span style=\"font-family: Helvetica;\">Supervision und Coaching f\u00fcr Einzelpersonen, Teams und Institutionen (Lehrer!nnen, Student!nnen, Arbeiter und Angestellte, Menschen in Leitungsfunktion, Personen aus geistlichen Berufen u. a.)<\/span><\/li>\n<li><span style=\"font-family: Helvetica;\">Moderation von Besprechungen und anderen Gruppenveranstaltungen<\/span><\/li>\n<li><span style=\"font-family: Helvetica;\">Seminare (Themen: Leitungsarbeit, Motivation &amp; Kommunikation, P\u00e4dagogik und Entwicklungspsychologie u. a.)<\/span><\/li>\n<li><span style=\"font-family: Helvetica;\">Organisationsberatung<\/span><\/li>\n<\/ul>\n<p><span style=\"font-family: Helvetica;\">F\u00fcr Anfragen bin ich per E-Mail mit <a href=\"mailto:eisner.josef@eisner-consulting.at\">eisner.josef@eisner-consulting.at<\/a> oder telefonisch unter 0676\/7773711 erreichbar.<\/span><\/p>\n<p><span style=\"font-family: Helvetica;\">Zu meinen KlientInnen z\u00e4hlen Menschen aus verschiedensten Berufsgruppen: StudentInnen, Pflegekr\u00e4fte und andere soziale Berufe, alle berufs- und nicht berufst\u00e4tigen Menschen, Personen in Managementfunktionen, UnternehmerInnen, Personen aus geistlichen Berufen und\/oder Organisationen. Im Bedarfsfalle arbeite ich auch mit einer Videokonferenz (z. B. Teams, Zoom).<\/span><\/p>\n","protected":false},"excerpt":{"rendered":"<p>Willkommen bei Selbst &amp; Vertrauen! In K\u00fcrze einige Informationen zu meiner Person und meinen T\u00e4tigkeiten: Ich bin systemischer Berater mit einem berufspraktischen Hintergrund als Supervisor, Coach, P\u00e4dagoge, mit kaufm\u00e4nnischer und handwerklicher Grundausbildung (Link zu CV) Meine T\u00e4tigkeit umfasst, Lebens- und&#8230; <a class=\"more-link\" href=\"https:\/\/www.eisner-consulting.at\/selbstvertrauen\/beratungbegleitung\/\">Weiterlesen &rarr;<\/a><\/p>\n","protected":false},"author":1,"featured_media":0,"parent":0,"menu_order":0,"comment_status":"closed","ping_status":"open","template":"","meta":{"advanced_seo_description":"","jetpack_seo_html_title":"","jetpack_seo_noindex":false,"jetpack_post_was_ever_published":false,"footnotes":""},"class_list":["post-2","page","type-page","status-publish","hentry"],"jetpack_sharing_enabled":true,"jetpack_shortlink":"https:\/\/wp.me\/P8vQYf-2","jetpack_likes_enabled":true,"_links":{"self":[{"href":"https:\/\/www.eisner-consulting.at\/selbstvertrauen\/wp-json\/wp\/v2\/pages\/2","targetHints":{"allow":["GET"]}}],"collection":[{"href":"https:\/\/www.eisner-consulting.at\/selbstvertrauen\/wp-json\/wp\/v2\/pages"}],"about":[{"href":"https:\/\/www.eisner-consulting.at\/selbstvertrauen\/wp-json\/wp\/v2\/types\/page"}],"author":[{"embeddable":true,"href":"https:\/\/www.eisner-consulting.at\/selbstvertrauen\/wp-json\/wp\/v2\/users\/1"}],"replies":[{"embeddable":true,"href":"https:\/\/www.eisner-consulting.at\/selbstvertrauen\/wp-json\/wp\/v2\/comments?post=2"}],"version-history":[{"count":25,"href":"https:\/\/www.eisner-consulting.at\/selbstvertrauen\/wp-json\/wp\/v2\/pages\/2\/revisions"}],"predecessor-version":[{"id":846,"href":"https:\/\/www.eisner-consulting.at\/selbstvertrauen\/wp-json\/wp\/v2\/pages\/2\/revisions\/846"}],"wp:attachment":[{"href":"https:\/\/www.eisner-consulting.at\/selbstvertrauen\/wp-json\/wp\/v2\/media?parent=2"}],"curies":[{"name":"wp","href":"https:\/\/api.w.org\/{rel}","templated":true}]}}